{"id":55091,"date":"2023-05-21T20:46:02","date_gmt":"2023-05-21T18:46:02","guid":{"rendered":"https:\/\/www.schiebener.net\/wordpress\/?page_id=55091"},"modified":"2026-02-09T21:07:21","modified_gmt":"2026-02-09T20:07:21","slug":"ueber","status":"publish","type":"page","link":"https:\/\/www.schiebener.net\/wordpress\/ueber\/","title":{"rendered":"\u00dcber"},"content":{"rendered":"\n<p>Hier soll demn\u00e4chst etwas erscheinen, zuerst einmal mein Mastodon-Account. Dort k\u00f6nnt ihr mir folgen: <a rel=\"me noopener\" href=\"https:\/\/ruhr.social\/@hskzoom\" target=\"_blank\">Mastodon<\/a> <\/p>\n\n\n\n<p>Au\u00dferdem bin ich noch bei Pixelfed zu finden: <a rel=\"noreferrer noopener\" href=\"https:\/\/pixelfed.social\/i\/web\/profile\/383281675499512753\" target=\"_blank\">https:\/\/@hskzoom@pixelfed.social<\/a><\/p>\n\n\n\n<p><\/p>\n","protected":false},"excerpt":{"rendered":"<p>Hier soll demn\u00e4chst etwas erscheinen, zuerst einmal mein Mastodon-Account. Dort k\u00f6nnt ihr mir folgen: Mastodon Au\u00dferdem bin ich noch bei Pixelfed zu finden: https:\/\/@hskzoom@pixelfed.social<\/p>\n","protected":false},"author":3,"featured_media":0,"parent":0,"menu_order":34,"comment_status":"closed","ping_status":"closed","template":"","meta":{"footnotes":""},"class_list":["post-55091","page","type-page","status-publish","hentry"],"_links":{"self":[{"href":"https:\/\/www.schiebener.net\/wordpress\/wp-json\/wp\/v2\/pages\/55091","targetHints":{"allow":["GET"]}}],"collection":[{"href":"https:\/\/www.schiebener.net\/wordpress\/wp-json\/wp\/v2\/pages"}],"about":[{"href":"https:\/\/www.schiebener.net\/wordpress\/wp-json\/wp\/v2\/types\/page"}],"author":[{"embeddable":true,"href":"https:\/\/www.schiebener.net\/wordpress\/wp-json\/wp\/v2\/users\/3"}],"replies":[{"embeddable":true,"href":"https:\/\/www.schiebener.net\/wordpress\/wp-json\/wp\/v2\/comments?post=55091"}],"version-history":[{"count":0,"href":"https:\/\/www.schiebener.net\/wordpress\/wp-json\/wp\/v2\/pages\/55091\/revisions"}],"wp:attachment":[{"href":"https:\/\/www.schiebener.net\/wordpress\/wp-json\/wp\/v2\/media?parent=55091"}],"curies":[{"name":"wp","href":"https:\/\/api.w.org\/{rel}","templated":true}]}}