{"id":2,"date":"2008-01-04T21:48:04","date_gmt":"2008-01-04T20:48:04","guid":{"rendered":""},"modified":"2024-04-17T20:39:12","modified_gmt":"2024-04-17T18:39:12","slug":"impressum","status":"publish","type":"page","link":"https:\/\/www.schiebener.net\/wordpress\/impressum\/","title":{"rendered":"Impressum"},"content":{"rendered":"<p>Hans J. Schiebener<br \/>Am Meisterstein 50<br \/>59955 Winterberg<br \/>Deutschland<br \/>Email: <a href=\"mailto:zoom@schiebener.net\">zoom@schiebener.net<\/a><br \/>Telefon: 0175\/4859443<\/p>\n<p>Verantwortlich f\u00fcr den Inhalt: Hans J. Schiebener<\/p>\n\n<p><!--<a href=\"http:\/\/www.schiebener.net\/wordpress\/wp-content\/uploads\/2008\/09\/impressum1.png\"><span style=\"display: inline-block; width: 0px; overflow: hidden; line-height: 0;\" data-mce-type=\"bookmark\" class=\"mce_SELRES_start\"><\/span><span style=\"display: inline-block; width: 0px; overflow: hidden; line-height: 0;\" data-mce-type=\"bookmark\" class=\"mce_SELRES_start\"><\/span><img loading=\"lazy\" decoding=\"async\" class=\"alignnone size-full wp-image-123\" title=\"impressum\" src=\"http:\/\/www.schiebener.net\/wordpress\/wp-content\/uploads\/2008\/09\/impressum1.png\" alt=\"\" width=\"357\" height=\"197\" srcset=\"https:\/\/www.schiebener.net\/wordpress\/wp-content\/uploads\/2008\/09\/impressum1.png 357w, https:\/\/www.schiebener.net\/wordpress\/wp-content\/uploads\/2008\/09\/impressum1-300x165.png 300w\" sizes=\"auto, (max-width: 357px) 85vw, 357px\" \/><\/a>\n\n\n<p style=\"text-align: left;\">--><\/p>\n<h1>Impressum<\/h1>\n<h2>Angaben gem\u00e4\u00df \u00a7 5 TMG:<\/h2>\n<p>Hans J. Schiebener<\/p>\n<p>Dieses Weblog ist am 5. August 2008 auf Sendung gegangen.<\/p>\n<p>Eigentlich wollte ich mich lediglich mit der Technik von \u201c<a href=\"http:\/\/wordpress.org\/\" target=\"_blank\" rel=\"noopener noreferrer\">WordPress<\/a>\u201d auseinandersetzen. Also kloppte ich einen <a href=\"http:\/\/www.schiebener.net\/wordpress\/?p=4\" target=\"_blank\" rel=\"noopener noreferrer\">ersten Eintrag <\/a>in die Tasten. Und dann einen <a href=\"http:\/\/www.schiebener.net\/wordpress\/?p=5\" target=\"_blank\" rel=\"noopener noreferrer\">zweiten<\/a>, und einen <a href=\"http:\/\/www.schiebener.net\/wordpress\/?p=685\" target=\"_blank\" rel=\"noopener noreferrer\">dritten<\/a> \u2026.<\/p>\n<p>Von Zeit zu Zeit steuern auch andere Autoren (Christopher, Texas Friends, tisha , Peter B\u00fcrger, Karl Josef Knoppik, Nadja Thelen-Khoder,&#8230;) Artikel bei.<\/p>\n<p>Wer mitschreiben m\u00f6chte, melde sich.<\/p>\n<p>Das Weblog hat eine Probezeit von einem Jahr.<\/p>\n<p>Update vom 3. August 2009: Die Probezeit ist um ein weiteres Jahr verl\u00e4ngert.<\/p>\n<p>Update 25. August 2010: Die Probezeit erneut um ein Jahr verl\u00e4ngert.<\/p>\n<p>Update 27. November 2011: M\u00fcsste mal einen Relaunch wagen, aber das Blog bleibt.<\/p>\n<p>Update 10. Juni 2013: W\u00e4hrend im Jahr 2008 durchschnittlich 28 BesucherInnen\/Tag vorbeischauten, sind es in diesem Jahr 587 LeserInnen\/Tag, in letzter Zeit geht es in Richtung 700 Besucherinnen\/Tag.\u00a0 Ich wei\u00df nicht, ob das im Vergleich viel ist, aber f\u00fcr mein werbefreies Wald- und Wiesenblog reicht es mir.<\/p>\n<p>Update 9. August 2014: Der BesucherInnendurchschnitt betr\u00e4gt zum heutigen Stichtag in diesem Jahr 659\/Tag. Zum Vergleich 2013: 613. Wie im Vorjahr sind mir die Zahlen ziemlich egal, solange einige Leute mitlesen und mitdiskutieren.<\/p>\n<p>Update 9. August 2017: So schnell verfliegen die Jahre. Das 10. Jahr halte ich jetzt auch noch durch.<\/p>\n<p>Update 22. Mai 2018: Das Blog wurde im Hinblick auf die ab dem 25. Mai geltende DSGVO \u00fcberarbeitet. Mein Ziel ist auch in Zukunft die Minimierung der anfallenden und an externe Dienste \u00fcbermittelten Nutzerdaten.<\/p>\n<p>Update 15. Mai 2022: Das Blog existiert nun fast 14 Jahre. Kleinigkeiten habe ich ge\u00e4ndert (bspw. ein neues stabiles Theme), aber ansonsten geht es weiter.<\/p>\n<p>Update 18. Oktober 2023: Mehr als 15 Jahre sind seit dem Start am 5. August 2008 vergangen. Es geht weiter.<\/p>\n<p>Soweit erst einmal<\/p>\n<p>zoom<\/p>\n<p>P.S.<\/p>\n<p>Ich habe nicht an alle Artikel, bei denen es angebracht w\u00e4re, ein gro\u00dfes Etikett \u201cIRONIE\u201d oder \u201cSATIRE\u201d geheftet.<\/p>\n<p>Bitte selber dazu denken(!).<\/p>\n<h3>Netiquette<\/h3>\n<div class=\"entry-content clearfix\">\n<p><strong>Liebe Leserinnen und Leser dieses Blogs. Ich habe in den \u00fcber dreizehn Jahren, die dieses Blog existiert, nur wenige Kommentare NICHT freigeschaltet. Es funktionierte mehr oder weniger.<\/strong><\/p>\n<p>Da ich auch in Zukunft so viele Beitr\u00e4ge wie m\u00f6glich freischalten m\u00f6chte, bitte ich darum, folgende <a href=\"http:\/\/www.duden.de\/rechtschreibung\/Netiquette\" target=\"_blank\" rel=\"noopener noreferrer\">Netiquette <\/a>einzuhalten.<\/p>\n<p><strong>Kommentare sollten<\/strong><\/p>\n<p>eine Bereicherung der Diskussion darstellen<\/p>\n<p>neue Informationen hinzuf\u00fcgen<\/p>\n<p>nach M\u00f6glichkeit neue Perspektiven er\u00f6ffnen<\/p>\n<p>sachlich sein<\/p>\n<p><strong>Nicht erw\u00fcnscht sind<\/strong><\/p>\n<p>Beleidigungen und Diskriminierung<\/p>\n<p>Rassismus, Populismus, Sexismus, H\u00e4me und Hetze<\/p>\n<p>Waffen- und Gewaltverherrlichung<\/p>\n<p>Aufrufe zu Straftaten<\/p>\n<p>Ver\u00f6ffentlichung eindeutiger personenbezogener Daten<\/p>\n<p>Werbung und maschinell erzeugte Beitr\u00e4ge<\/p>\n<p>Drohungen<\/p>\n<p><a href=\"https:\/\/de.wikipedia.org\/wiki\/Sockenpuppe_(Netzkultur)\" target=\"_blank\" rel=\"noopener noreferrer\">Sockenpuppen<\/a><\/p>\n<p><strong>Dar\u00fcber hinaus bitte ich darum<\/strong><\/p>\n<p>keine unkommentierten Links zu posten<\/p>\n<p>Zitate als solche zu kennzeichnen und zu belegen<\/p>\n<p>keine Kommentare mit mehr als 2.000 Zeichen zu verfassen<\/p>\n<p><strong>Kommentare werden geschlossen,<\/strong><\/p>\n<p>sobald ein Artikel \u00e4lter als 30 Tage ist<\/p>\n<p><em>Siedlinghausen, im Mai 2017<\/em><\/p>\n<\/div>\n<h3>Haftungsausschluss (Disclaimer)<\/h3>\n<p><strong>Haftung f\u00fcr Inhalte<\/strong><\/p>\n<p>Als Diensteanbieter sind wir gem\u00e4\u00df \u00a7 7 Abs.1 TMG f\u00fcr eigene Inhalte auf diesen Seiten nach den allgemeinen Gesetzen verantwortlich. Nach \u00a7\u00a7 8 bis 10 TMG sind wir als Diensteanbieter jedoch nicht verpflichtet, \u00fcbermittelte oder gespeicherte fremde Informationen zu \u00fcberwachen oder nach Umst\u00e4nden zu forschen, die auf eine rechtswidrige T\u00e4tigkeit hinweisen. Verpflichtungen zur Entfernung oder Sperrung der Nutzung von Informationen nach den allgemeinen Gesetzen bleiben hiervon unber\u00fchrt. Eine diesbez\u00fcgliche Haftung ist jedoch erst ab dem Zeitpunkt der Kenntnis einer konkreten Rechtsverletzung m\u00f6glich. Bei Bekanntwerden von entsprechenden Rechtsverletzungen werden wir diese Inhalte umgehend entfernen.<\/p>\n<p><strong>Haftung f\u00fcr Links<\/strong><\/p>\n<p>Unser Angebot enth\u00e4lt Links zu externen Webseiten Dritter, auf deren Inhalte wir keinen Einfluss haben. Deshalb k\u00f6nnen wir f\u00fcr diese fremden Inhalte auch keine Gew\u00e4hr \u00fcbernehmen. F\u00fcr die Inhalte der verlinkten Seiten ist stets der jeweilige Anbieter oder Betreiber der Seiten verantwortlich. Die verlinkten Seiten wurden zum Zeitpunkt der Verlinkung auf m\u00f6gliche Rechtsverst\u00f6\u00dfe \u00fcberpr\u00fcft. Rechtswidrige Inhalte waren zum Zeitpunkt der Verlinkung nicht erkennbar. Eine permanente inhaltliche Kontrolle der verlinkten Seiten ist jedoch ohne konkrete Anhaltspunkte einer Rechtsverletzung nicht zumutbar. Bei Bekanntwerden von Rechtsverletzungen werden wir derartige Links umgehend entfernen.<\/p>\n<p><strong>Urheberrecht<\/strong><\/p>\n<p>Die durch die Seitenbetreiber erstellten Inhalte und Werke auf diesen Seiten unterliegen dem deutschen Urheberrecht. Die Vervielf\u00e4ltigung, Bearbeitung, Verbreitung und jede Art der Verwertung au\u00dferhalb der Grenzen des Urheberrechtes bed\u00fcrfen der schriftlichen Zustimmung des jeweiligen Autors bzw. Erstellers. Downloads und Kopien dieser Seite sind nur f\u00fcr den privaten, nicht kommerziellen Gebrauch gestattet. Soweit die Inhalte auf dieser Seite nicht vom Betreiber erstellt wurden, werden die Urheberrechte Dritter beachtet. Insbesondere werden Inhalte Dritter als solche gekennzeichnet. Sollten Sie trotzdem auf eine Urheberrechtsverletzung aufmerksam werden, bitten wir um einen entsprechenden Hinweis. Bei Bekanntwerden von Rechtsverletzungen werden wir derartige Inhalte umgehend entfernen.<\/p>\n","protected":false},"excerpt":{"rendered":"<p>Impressum Angaben gem\u00e4\u00df \u00a7 5 TMG: Hans J. Schiebener Dieses Weblog ist am 5. August 2008 auf Sendung gegangen. Eigentlich wollte ich mich lediglich mit der Technik von \u201cWordPress\u201d auseinandersetzen. &hellip; <a href=\"https:\/\/www.schiebener.net\/wordpress\/impressum\/\" class=\"more-link\"><span class=\"screen-reader-text\">\u201eImpressum\u201c <\/span>weiterlesen<\/a><\/p>\n","protected":false},"author":3,"featured_media":0,"parent":0,"menu_order":25,"comment_status":"closed","ping_status":"closed","template":"","meta":{"footnotes":""},"class_list":["post-2","page","type-page","status-publish","hentry"],"_links":{"self":[{"href":"https:\/\/www.schiebener.net\/wordpress\/wp-json\/wp\/v2\/pages\/2","targetHints":{"allow":["GET"]}}],"collection":[{"href":"https:\/\/www.schiebener.net\/wordpress\/wp-json\/wp\/v2\/pages"}],"about":[{"href":"https:\/\/www.schiebener.net\/wordpress\/wp-json\/wp\/v2\/types\/page"}],"author":[{"embeddable":true,"href":"https:\/\/www.schiebener.net\/wordpress\/wp-json\/wp\/v2\/users\/3"}],"replies":[{"embeddable":true,"href":"https:\/\/www.schiebener.net\/wordpress\/wp-json\/wp\/v2\/comments?post=2"}],"version-history":[{"count":0,"href":"https:\/\/www.schiebener.net\/wordpress\/wp-json\/wp\/v2\/pages\/2\/revisions"}],"wp:attachment":[{"href":"https:\/\/www.schiebener.net\/wordpress\/wp-json\/wp\/v2\/media?parent=2"}],"curies":[{"name":"wp","href":"https:\/\/api.w.org\/{rel}","templated":true}]}}