{"id":1192,"date":"2008-11-22T14:09:58","date_gmt":"2008-11-22T13:09:58","guid":{"rendered":"http:\/\/www.schiebener.net\/wordpress\/?page_id=1192"},"modified":"2024-06-17T13:55:40","modified_gmt":"2024-06-17T11:55:40","slug":"freizeit","status":"publish","type":"page","link":"https:\/\/www.schiebener.net\/wordpress\/freizeit\/","title":{"rendered":"Freizeit"},"content":{"rendered":"\n<h3 class=\"wp-block-heading\"><strong>\u00d6ffnungszeiten und Preise der <a href=\"http:\/\/www.baederverein-siedlinghausen.de\/startseite\/\" target=\"_blank\" rel=\"noopener\">Schwimmb\u00e4der in Siedlinghausen<\/a><\/strong><\/h3>\n\n\n\n<h3 class=\"wp-block-heading\"><strong>\u00d6ffnungszeiten und Preise des <a href=\"https:\/\/www.winterberg.de\/aktivitaeten-erlebnisse\/freizeithighlights\/schwimmbaeder-seen\/schwimmbad-winterberg\/\" target=\"_blank\" rel=\"noreferrer noopener\">Hallenbades in Winterberg<\/a> (Oversum)<\/strong><\/h3>\n\n\n\n<h3 class=\"wp-block-heading\"><strong>\u00d6ffnungszeiten und Preise des <a href=\"http:\/\/www.aquaolsberg.de\/die-therme\/oeffnungszeiten\/index.php\" target=\"_blank\" rel=\"noopener\">AquaOlsberg<\/a><\/strong><\/h3>\n\n\n\n<h3 class=\"wp-block-heading\"><strong>Das <a href=\"http:\/\/www.filmtheater-winterberg.de\" target=\"_blank\" rel=\"noopener\">Kino in Winterberg<\/a><\/strong><\/h3>\n\n\n\n<h3 class=\"wp-block-heading\"><strong>&nbsp;<\/strong><\/h3>\n","protected":false},"excerpt":{"rendered":"<p>\u00d6ffnungszeiten und Preise der Schwimmb\u00e4der in Siedlinghausen \u00d6ffnungszeiten und Preise des Hallenbades in Winterberg (Oversum) \u00d6ffnungszeiten und Preise des AquaOlsberg Das Kino in Winterberg &nbsp;<\/p>\n","protected":false},"author":3,"featured_media":0,"parent":0,"menu_order":5,"comment_status":"closed","ping_status":"closed","template":"","meta":{"footnotes":""},"class_list":["post-1192","page","type-page","status-publish","hentry"],"_links":{"self":[{"href":"https:\/\/www.schiebener.net\/wordpress\/wp-json\/wp\/v2\/pages\/1192","targetHints":{"allow":["GET"]}}],"collection":[{"href":"https:\/\/www.schiebener.net\/wordpress\/wp-json\/wp\/v2\/pages"}],"about":[{"href":"https:\/\/www.schiebener.net\/wordpress\/wp-json\/wp\/v2\/types\/page"}],"author":[{"embeddable":true,"href":"https:\/\/www.schiebener.net\/wordpress\/wp-json\/wp\/v2\/users\/3"}],"replies":[{"embeddable":true,"href":"https:\/\/www.schiebener.net\/wordpress\/wp-json\/wp\/v2\/comments?post=1192"}],"version-history":[{"count":0,"href":"https:\/\/www.schiebener.net\/wordpress\/wp-json\/wp\/v2\/pages\/1192\/revisions"}],"wp:attachment":[{"href":"https:\/\/www.schiebener.net\/wordpress\/wp-json\/wp\/v2\/media?parent=1192"}],"curies":[{"name":"wp","href":"https:\/\/api.w.org\/{rel}","templated":true}]}}